{"id":9,"date":"2023-11-06T22:23:00","date_gmt":"2023-11-06T21:23:00","guid":{"rendered":"https:\/\/juris-affaires.fr\/?page_id=9"},"modified":"2023-11-29T21:33:15","modified_gmt":"2023-11-29T20:33:15","slug":"accueil","status":"publish","type":"page","link":"https:\/\/www.juris-affaires.fr\/","title":{"rendered":"Juris affaires by Atha\u00e9 &#8211; Cabinet d&rsquo;avocat en droit des affaires"},"content":{"rendered":"\n<h3 class=\"wp-block-heading has-text-align-left has-small-font-size\" style=\"font-style:normal;font-weight:400\">Le cabinet Atha\u00e9 a repris l&rsquo;activit\u00e9 de conseil en droit des affaires de Ma\u00eetre Michel TERRIER connue sous le nom JURIS AFFAIRES.<\/h3>\n\n\n\n<p class=\"has-text-align-left has-small-font-size\"> Nous sommes \u00e0 votre disposition pour vous accompagner dans vos d\u00e9marches en droit des affaires (cr\u00e9ations de soci\u00e9t\u00e9, cessions de titre et de fonds de commerce, suivi juridique, op\u00e9rations de haut de bilan, pactes d&rsquo;associ\u00e9s, restructuration, etc. ) ainsi qu&rsquo;en droit du num\u00e9rique.<\/p>\n\n\n\n<h2 class=\"wp-block-heading\"><strong>Pour nous contacter :<\/strong><\/h2>\n\n\n\n<p><strong>T\u00e9l\u00e9phone :<\/strong>&nbsp;04 50 45 75 13<\/p>\n\n\n\n<p><strong>Mail :<\/strong>&nbsp;contact@athae.com<\/p>\n\n\n\n<p><strong>Cabinet de LYON :<\/strong>&nbsp;84 rue de la Part Dieu &#8211; 69003 LYON<\/p>\n\n\n\n<p><strong>Cabinet d&rsquo;ANNECY :<\/strong>&nbsp;13 bis rue Louis Revon &#8211; 74000 ANNECY<\/p>\n","protected":false},"excerpt":{"rendered":"<p>Le cabinet Atha\u00e9 a repris l&rsquo;activit\u00e9 de conseil en droit des affaires de Ma\u00eetre Michel TERRIER connue sous le nom JURIS AFFAIRES. Nous sommes \u00e0 votre disposition pour vous accompagner dans vos d\u00e9marches en droit des affaires (cr\u00e9ations de soci\u00e9t\u00e9, cessions de titre et de fonds de commerce, suivi juridique, op\u00e9rations de haut de bilan, &hellip; <\/p>\n<p class=\"link-more\"><a href=\"https:\/\/www.juris-affaires.fr\/\" class=\"more-link\">Continuer la lecture<span class=\"screen-reader-text\"> de &laquo;&nbsp;Juris affaires by Atha\u00e9 &#8211; Cabinet d&rsquo;avocat en droit des affaires&nbsp;&raquo;<\/span><\/a><\/p>\n","protected":false},"author":1,"featured_media":0,"parent":0,"menu_order":1,"comment_status":"closed","ping_status":"closed","template":"","meta":{"footnotes":""},"class_list":["post-9","page","type-page","status-publish","hentry"],"_links":{"self":[{"href":"https:\/\/www.juris-affaires.fr\/index.php?rest_route=\/wp\/v2\/pages\/9","targetHints":{"allow":["GET"]}}],"collection":[{"href":"https:\/\/www.juris-affaires.fr\/index.php?rest_route=\/wp\/v2\/pages"}],"about":[{"href":"https:\/\/www.juris-affaires.fr\/index.php?rest_route=\/wp\/v2\/types\/page"}],"author":[{"embeddable":true,"href":"https:\/\/www.juris-affaires.fr\/index.php?rest_route=\/wp\/v2\/users\/1"}],"replies":[{"embeddable":true,"href":"https:\/\/www.juris-affaires.fr\/index.php?rest_route=%2Fwp%2Fv2%2Fcomments&post=9"}],"version-history":[{"count":8,"href":"https:\/\/www.juris-affaires.fr\/index.php?rest_route=\/wp\/v2\/pages\/9\/revisions"}],"predecessor-version":[{"id":67,"href":"https:\/\/www.juris-affaires.fr\/index.php?rest_route=\/wp\/v2\/pages\/9\/revisions\/67"}],"wp:attachment":[{"href":"https:\/\/www.juris-affaires.fr\/index.php?rest_route=%2Fwp%2Fv2%2Fmedia&parent=9"}],"curies":[{"name":"wp","href":"https:\/\/api.w.org\/{rel}","templated":true}]}}